{"id":3003,"date":"2026-01-02T17:14:28","date_gmt":"2026-01-02T16:14:28","guid":{"rendered":"https:\/\/store.nalingi.fr\/?post_type=product&#038;p=3003"},"modified":"2026-01-02T17:15:28","modified_gmt":"2026-01-02T16:15:28","slug":"jupe-laura-009","status":"publish","type":"product","link":"https:\/\/store.nalingi.fr\/index.php\/product\/jupe-laura-009\/","title":{"rendered":"Jupe Laura 009"},"content":{"rendered":"<p><strong>Mini-Jupe en Wax Paillet\u00e9 : Audace et \u00c9clat<\/strong><\/p>\n<p>Faites sensation avec notre mini-jupe en <strong>wax paillet\u00e9<\/strong>, alliant style et glamour. Sa coupe \u00e9l\u00e9gante et ses reflets scintillants en font la pi\u00e8ce parfaite pour sublimer vos tenues, de jour comme de nuit. Osez briller avec \u00e9l\u00e9gance !<\/p>\n","protected":false},"excerpt":{"rendered":"<p>Mini-jupe en tissus wax paillet\u00e9 et doublure en popeline.<\/p>\n","protected":false},"featured_media":3069,"comment_status":"open","ping_status":"closed","template":"","meta":[],"product_brand":[],"product_cat":[276,74,273],"product_tag":[],"class_list":{"0":"post-3003","1":"product","2":"type-product","3":"status-publish","4":"has-post-thumbnail","6":"product_cat-evenements","7":"product_cat-femmes","8":"product_cat-mini-jupes","10":"first","11":"instock","12":"shipping-taxable","13":"purchasable","14":"product-type-variable","15":"layout-style-1","16":"col-md-4 col-sm-4 col-xs-6","17":"col-lg-3","18":"product-has-gallery","19":"product-style-addtocart"},"_links":{"self":[{"href":"https:\/\/store.nalingi.fr\/index.php\/wp-json\/wp\/v2\/product\/3003","targetHints":{"allow":["GET"]}}],"collection":[{"href":"https:\/\/store.nalingi.fr\/index.php\/wp-json\/wp\/v2\/product"}],"about":[{"href":"https:\/\/store.nalingi.fr\/index.php\/wp-json\/wp\/v2\/types\/product"}],"replies":[{"embeddable":true,"href":"https:\/\/store.nalingi.fr\/index.php\/wp-json\/wp\/v2\/comments?post=3003"}],"wp:featuredmedia":[{"embeddable":true,"href":"https:\/\/store.nalingi.fr\/index.php\/wp-json\/wp\/v2\/media\/3069"}],"wp:attachment":[{"href":"https:\/\/store.nalingi.fr\/index.php\/wp-json\/wp\/v2\/media?parent=3003"}],"wp:term":[{"taxonomy":"product_brand","embeddable":true,"href":"https:\/\/store.nalingi.fr\/index.php\/wp-json\/wp\/v2\/product_brand?post=3003"},{"taxonomy":"product_cat","embeddable":true,"href":"https:\/\/store.nalingi.fr\/index.php\/wp-json\/wp\/v2\/product_cat?post=3003"},{"taxonomy":"product_tag","embeddable":true,"href":"https:\/\/store.nalingi.fr\/index.php\/wp-json\/wp\/v2\/product_tag?post=3003"}],"curies":[{"name":"wp","href":"https:\/\/api.w.org\/{rel}","templated":true}]}}