{"id":2979,"date":"2026-01-02T17:02:38","date_gmt":"2026-01-02T16:02:38","guid":{"rendered":"https:\/\/store.nalingi.fr\/?post_type=product&#038;p=2979"},"modified":"2026-01-02T17:03:04","modified_gmt":"2026-01-02T16:03:04","slug":"porte-monnaie-207","status":"publish","type":"product","link":"https:\/\/store.nalingi.fr\/index.php\/product\/porte-monnaie-207\/","title":{"rendered":"Porte monnaie 207"},"content":{"rendered":"<p>Du pep\u2019s \u00e0 votre quotidien avec notre porte-monnaie en wax paillet\u00e9e ! Compact (10 x 14 cm) mais plein de caract\u00e8re, il allie style et praticit\u00e9 pour garder vos essentiels avec \u00e9clat.\u201d<\/p>\n","protected":false},"excerpt":{"rendered":"<p>Du pep\u2019s \u00e0 votre quotidien avec notre porte-monnaie en wax paillet\u00e9e ! Compact (10 x&hellip;<\/p>\n","protected":false},"featured_media":2995,"comment_status":"open","ping_status":"closed","template":"","meta":[],"product_brand":[],"product_cat":[17,272],"product_tag":[],"class_list":{"0":"post-2979","1":"product","2":"type-product","3":"status-publish","4":"has-post-thumbnail","6":"product_cat-accessoires","7":"product_cat-trousses-et-pochettes","9":"first","10":"instock","11":"shipping-taxable","12":"purchasable","13":"product-type-simple","14":"layout-style-1","15":"col-md-4 col-sm-4 col-xs-6","16":"col-lg-3","17":"product-style-addtocart"},"_links":{"self":[{"href":"https:\/\/store.nalingi.fr\/index.php\/wp-json\/wp\/v2\/product\/2979","targetHints":{"allow":["GET"]}}],"collection":[{"href":"https:\/\/store.nalingi.fr\/index.php\/wp-json\/wp\/v2\/product"}],"about":[{"href":"https:\/\/store.nalingi.fr\/index.php\/wp-json\/wp\/v2\/types\/product"}],"replies":[{"embeddable":true,"href":"https:\/\/store.nalingi.fr\/index.php\/wp-json\/wp\/v2\/comments?post=2979"}],"wp:featuredmedia":[{"embeddable":true,"href":"https:\/\/store.nalingi.fr\/index.php\/wp-json\/wp\/v2\/media\/2995"}],"wp:attachment":[{"href":"https:\/\/store.nalingi.fr\/index.php\/wp-json\/wp\/v2\/media?parent=2979"}],"wp:term":[{"taxonomy":"product_brand","embeddable":true,"href":"https:\/\/store.nalingi.fr\/index.php\/wp-json\/wp\/v2\/product_brand?post=2979"},{"taxonomy":"product_cat","embeddable":true,"href":"https:\/\/store.nalingi.fr\/index.php\/wp-json\/wp\/v2\/product_cat?post=2979"},{"taxonomy":"product_tag","embeddable":true,"href":"https:\/\/store.nalingi.fr\/index.php\/wp-json\/wp\/v2\/product_tag?post=2979"}],"curies":[{"name":"wp","href":"https:\/\/api.w.org\/{rel}","templated":true}]}}